{"id":9782,"date":"2024-10-08T14:35:55","date_gmt":"2024-10-08T12:35:55","guid":{"rendered":"https:\/\/www.aquario-passion.com\/?page_id=9782"},"modified":"2024-10-08T14:58:59","modified_gmt":"2024-10-08T12:58:59","slug":"certificat-cession","status":"publish","type":"page","link":"https:\/\/www.aquario-passion.com\/?page_id=9782","title":{"rendered":"Certificat cession"},"content":{"rendered":"\n<div class=\"wpcf7 no-js\" id=\"wpcf7-f9781-o1\" lang=\"fr-FR\" dir=\"ltr\" data-wpcf7-id=\"9781\">\n<div class=\"screen-reader-response\"><p role=\"status\" aria-live=\"polite\" aria-atomic=\"true\"><\/p> <ul><\/ul><\/div>\n<form action=\"\/index.php?rest_route=%2Fwp%2Fv2%2Fpages%2F9782#wpcf7-f9781-o1\" method=\"post\" class=\"wpcf7-form init\" aria-label=\"Formulaire de contact\" novalidate=\"novalidate\" data-status=\"init\">\n<fieldset class=\"hidden-fields-container\"><input type=\"hidden\" name=\"_wpcf7\" value=\"9781\" \/><input type=\"hidden\" name=\"_wpcf7_version\" value=\"6.1.5\" \/><input type=\"hidden\" name=\"_wpcf7_locale\" value=\"fr_FR\" \/><input type=\"hidden\" name=\"_wpcf7_unit_tag\" value=\"wpcf7-f9781-o1\" \/><input type=\"hidden\" name=\"_wpcf7_container_post\" value=\"0\" \/><input type=\"hidden\" name=\"_wpcf7_posted_data_hash\" value=\"\" \/><input type=\"hidden\" name=\"_wpcf7_recaptcha_response\" value=\"\" \/>\n<\/fieldset>\n<p>Nom du c\u00e9dant : Aquario-passion<br \/>\nAdresse : Maison des Associations<br \/>\n288 Ch de St Claude CP : 06600 Antibes<br \/>\nMail : aquariopassionantibes@gmail.com<br \/>\nLe soussign\u00e9 c\u00e9dant : Atteste sur l\u2019honneur que les animaux d\u00e9crits ci-dessus sont n\u00e9s et \u00e9lev\u00e9s en captivit\u00e9 issus d\u2019un cheptel constitu\u00e9 conform\u00e9ment \u00e0<br \/>\nla r\u00e9glementation en vigueur au moment de l\u2019acquisition des animaux.\n<\/p>\n<p>CERTIFICAT DE CESSION (Dans le cadre de l\u2019arr\u00eat\u00e9 < faune sauvage captive >)<br \/>\n<span class=\"wpcf7-form-control-wrap\" data-name=\"checkbox-377\"><span class=\"wpcf7-form-control wpcf7-checkbox\"><span class=\"wpcf7-list-item first\"><label><input type=\"checkbox\" name=\"checkbox-377[]\" value=\"Vente\" \/><span class=\"wpcf7-list-item-label\">Vente<\/span><\/label><\/span><span class=\"wpcf7-list-item last\"><label><input type=\"checkbox\" name=\"checkbox-377[]\" value=\"Don\" \/><span class=\"wpcf7-list-item-label\">Don<\/span><\/label><\/span><\/span><\/span><br \/>\nGENRES :<br \/>\n<span class=\"wpcf7-form-control-wrap\" data-name=\"checkbox-111\"><span class=\"wpcf7-form-control wpcf7-checkbox wpcf7-validates-as-required\"><span class=\"wpcf7-list-item first\"><label><input type=\"checkbox\" name=\"checkbox-111[]\" value=\"Cichlidae\" \/><span class=\"wpcf7-list-item-label\">Cichlidae<\/span><\/label><\/span><span class=\"wpcf7-list-item\"><label><input type=\"checkbox\" name=\"checkbox-111[]\" value=\"Poeciliidae\" \/><span class=\"wpcf7-list-item-label\">Poeciliidae<\/span><\/label><\/span><span class=\"wpcf7-list-item\"><label><input type=\"checkbox\" name=\"checkbox-111[]\" value=\"Loricariidae\" \/><span class=\"wpcf7-list-item-label\">Loricariidae<\/span><\/label><\/span><span class=\"wpcf7-list-item last\"><label><input type=\"checkbox\" name=\"checkbox-111[]\" value=\"Neocaridina\" \/><span class=\"wpcf7-list-item-label\">Neocaridina<\/span><\/label><\/span><\/span><\/span>\n<\/p>\n<p>ESPECES :<br \/>\nCynotilapia sp.hara Gallireya Reef : <span class=\"wpcf7-form-control-wrap\" data-name=\"number-450\"><input class=\"wpcf7-form-control wpcf7-number wpcf7-validates-as-number\" aria-invalid=\"false\" value=\"\" type=\"number\" name=\"number-450\" \/><\/span><br \/>\nLabeotropheus trewavasae Thumbi west avec F O\/OB <span class=\"wpcf7-form-control-wrap\" data-name=\"number-86\"><input class=\"wpcf7-form-control wpcf7-number wpcf7-validates-as-number\" aria-invalid=\"false\" value=\"\" type=\"number\" name=\"number-86\" \/><\/span><br \/>\nPterophyllum scalare Rio Nanay <span class=\"wpcf7-form-control-wrap\" data-name=\"number-736\"><input class=\"wpcf7-form-control wpcf7-number wpcf7-validates-as-number\" aria-invalid=\"false\" value=\"\" type=\"number\" name=\"number-736\" \/><\/span><br \/>\nAnscitrus sp Jaune : <span class=\"wpcf7-form-control-wrap\" data-name=\"number-452\"><input class=\"wpcf7-form-control wpcf7-number wpcf7-validates-as-number\" aria-invalid=\"false\" value=\"\" type=\"number\" name=\"number-452\" \/><\/span><br \/>\nEndler : <span class=\"wpcf7-form-control-wrap\" data-name=\"number-453\"><input class=\"wpcf7-form-control wpcf7-number wpcf7-validates-as-number\" aria-invalid=\"false\" value=\"\" type=\"number\" name=\"number-453\" \/><\/span><br \/>\nWingei Buestar : <span class=\"wpcf7-form-control-wrap\" data-name=\"number-454\"><input class=\"wpcf7-form-control wpcf7-number wpcf7-validates-as-number\" aria-invalid=\"false\" value=\"\" type=\"number\" name=\"number-454\" \/><\/span><br \/>\nXiphophorus Platy Wagtail : <span class=\"wpcf7-form-control-wrap\" data-name=\"number-999\"><input class=\"wpcf7-form-control wpcf7-number wpcf7-validates-as-number\" aria-invalid=\"false\" value=\"\" type=\"number\" name=\"number-999\" \/><\/span><br \/>\nXiphophorus Platy Haiwai : <span class=\"wpcf7-form-control-wrap\" data-name=\"number-663\"><input class=\"wpcf7-form-control wpcf7-number wpcf7-validates-as-number\" aria-invalid=\"false\" value=\"\" type=\"number\" name=\"number-663\" \/><\/span><br \/>\nXiphophorus hellerii Koi Koaku : <span class=\"wpcf7-form-control-wrap\" data-name=\"number-455\"><input class=\"wpcf7-form-control wpcf7-number wpcf7-validates-as-number\" aria-invalid=\"false\" value=\"\" type=\"number\" name=\"number-455\" \/><\/span><br \/>\nXiphophorus hellerii sunset : <span class=\"wpcf7-form-control-wrap\" data-name=\"number-456\"><input class=\"wpcf7-form-control wpcf7-number wpcf7-validates-as-number\" aria-invalid=\"false\" value=\"\" type=\"number\" name=\"number-456\" \/><\/span><br \/>\nXiphophorus hellerii calico : <span class=\"wpcf7-form-control-wrap\" data-name=\"number-710\"><input class=\"wpcf7-form-control wpcf7-number wpcf7-validates-as-number\" aria-invalid=\"false\" value=\"\" type=\"number\" name=\"number-710\" \/><\/span><br \/>\nXiphophorus hellerii Rouge Wagtail : <span class=\"wpcf7-form-control-wrap\" data-name=\"number-980\"><input class=\"wpcf7-form-control wpcf7-number wpcf7-validates-as-number\" aria-invalid=\"false\" value=\"\" type=\"number\" name=\"number-980\" \/><\/span><br \/>\nNeocaridina Red cherry : <span class=\"wpcf7-form-control-wrap\" data-name=\"number-457\"><input class=\"wpcf7-form-control wpcf7-number wpcf7-validates-as-number\" aria-invalid=\"false\" value=\"\" type=\"number\" name=\"number-457\" \/><\/span><br \/>\nNeocaridina Bleu Velvet : <span class=\"wpcf7-form-control-wrap\" data-name=\"number-109\"><input class=\"wpcf7-form-control wpcf7-number wpcf7-validates-as-number\" aria-invalid=\"false\" value=\"\" type=\"number\" name=\"number-109\" \/><\/span><br \/>\nNeocaridina Blue Dream : <span class=\"wpcf7-form-control-wrap\" data-name=\"number-859\"><input class=\"wpcf7-form-control wpcf7-number wpcf7-validates-as-number\" aria-invalid=\"false\" value=\"\" type=\"number\" name=\"number-859\" \/><\/span>\n<\/p>\n<p>QUANTITE TOTALE : <span class=\"wpcf7-form-control-wrap\" data-name=\"text-700\"><input size=\"40\" maxlength=\"400\" class=\"wpcf7-form-control wpcf7-text\" aria-invalid=\"false\" value=\"\" type=\"text\" name=\"text-700\" \/><\/span><br \/>\nPRIX TOTAL : <span class=\"wpcf7-form-control-wrap\" data-name=\"text-522\"><input size=\"40\" maxlength=\"400\" class=\"wpcf7-form-control wpcf7-text\" aria-invalid=\"false\" value=\"\" type=\"text\" name=\"text-522\" \/><\/span>\n<\/p>\n<p>Nom : <span class=\"wpcf7-form-control-wrap\" data-name=\"text-579\"><input size=\"40\" maxlength=\"400\" class=\"wpcf7-form-control wpcf7-text\" aria-invalid=\"false\" value=\"\" type=\"text\" name=\"text-579\" \/><\/span> Adresse : <span class=\"wpcf7-form-control-wrap\" data-name=\"text-578\"><input size=\"40\" maxlength=\"400\" class=\"wpcf7-form-control wpcf7-text\" aria-invalid=\"false\" value=\"\" type=\"text\" name=\"text-578\" \/><\/span><br \/>\nCP : <span class=\"wpcf7-form-control-wrap\" data-name=\"text-866\"><input size=\"40\" maxlength=\"400\" class=\"wpcf7-form-control wpcf7-text\" aria-invalid=\"false\" value=\"\" type=\"text\" name=\"text-866\" \/><\/span> Commune : <span class=\"wpcf7-form-control-wrap\" data-name=\"text-866\"><input size=\"40\" maxlength=\"400\" class=\"wpcf7-form-control wpcf7-text\" aria-invalid=\"false\" value=\"\" type=\"text\" name=\"text-866\" \/><\/span><br \/>\nMail : <span class=\"wpcf7-form-control-wrap\" data-name=\"email-940\"><input size=\"40\" maxlength=\"400\" class=\"wpcf7-form-control wpcf7-email wpcf7-text wpcf7-validates-as-email\" aria-invalid=\"false\" value=\"\" type=\"email\" name=\"email-940\" \/><\/span>\n<\/p>\n<p><input class=\"wpcf7-form-control wpcf7-submit has-spinner\" type=\"submit\" value=\"Envoyer\" \/>\n<\/p><p style=\"display: none !important;\" class=\"akismet-fields-container\" data-prefix=\"_wpcf7_ak_\"><label>&#916;<textarea name=\"_wpcf7_ak_hp_textarea\" cols=\"45\" rows=\"8\" maxlength=\"100\"><\/textarea><\/label><input type=\"hidden\" id=\"ak_js_1\" name=\"_wpcf7_ak_js\" value=\"75\"\/><script>document.getElementById( \"ak_js_1\" ).setAttribute( \"value\", ( new Date() ).getTime() );<\/script><\/p><div class=\"wpcf7-response-output\" aria-hidden=\"true\"><\/div>\n<\/form>\n<\/div>\n\n","protected":false},"excerpt":{"rendered":"","protected":false},"author":1,"featured_media":0,"parent":0,"menu_order":0,"comment_status":"closed","ping_status":"closed","template":"elementor_theme","meta":{"footnotes":""},"class_list":["post-9782","page","type-page","status-publish","hentry"],"jetpack_sharing_enabled":true,"_links":{"self":[{"href":"https:\/\/www.aquario-passion.com\/index.php?rest_route=\/wp\/v2\/pages\/9782","targetHints":{"allow":["GET"]}}],"collection":[{"href":"https:\/\/www.aquario-passion.com\/index.php?rest_route=\/wp\/v2\/pages"}],"about":[{"href":"https:\/\/www.aquario-passion.com\/index.php?rest_route=\/wp\/v2\/types\/page"}],"author":[{"embeddable":true,"href":"https:\/\/www.aquario-passion.com\/index.php?rest_route=\/wp\/v2\/users\/1"}],"replies":[{"embeddable":true,"href":"https:\/\/www.aquario-passion.com\/index.php?rest_route=%2Fwp%2Fv2%2Fcomments&post=9782"}],"version-history":[{"count":1,"href":"https:\/\/www.aquario-passion.com\/index.php?rest_route=\/wp\/v2\/pages\/9782\/revisions"}],"predecessor-version":[{"id":9783,"href":"https:\/\/www.aquario-passion.com\/index.php?rest_route=\/wp\/v2\/pages\/9782\/revisions\/9783"}],"wp:attachment":[{"href":"https:\/\/www.aquario-passion.com\/index.php?rest_route=%2Fwp%2Fv2%2Fmedia&parent=9782"}],"curies":[{"name":"wp","href":"https:\/\/api.w.org\/{rel}","templated":true}]}}