{"id":1275,"date":"2020-10-14T19:31:46","date_gmt":"2020-10-14T17:31:46","guid":{"rendered":"http:\/\/tsvrkfn.cluster030.hosting.ovh.net\/?page_id=1275"},"modified":"2023-10-15T17:47:17","modified_gmt":"2023-10-15T15:47:17","slug":"les-liens","status":"publish","type":"page","link":"https:\/\/www.aquario-passion.com\/?page_id=1275","title":{"rendered":"Les liens"},"content":{"rendered":"\n<figure><a href=\"https:\/\/www.killiclubdefrance.org\/\" target=\"_blank\" rel=\"noopener noreferrer\"><img data-recalc-dims=\"1\"  title=\"\" decoding=\"async\" src=\"https:\/\/i0.wp.com\/www.aquario-passion.com\/wp-content\/uploads\/2020\/10\/kcf.png?resize=301%2C95&#038;ssl=1\"  alt=\"kcf Les liens\"  width=\"301\" height=\"95\" \/><\/a>\n<figcaption>D\u00e9couvrez le\u00a0<em>KCF<\/em>\u00a0(<em>Killi Club de France<\/em>), l&#8217;association qui rassemble la communaut\u00e9 d&#8217;\u00e9leveurs de killies.<\/figcaption>\n<\/figure>\n\n\n\n<figure><a href=\"https:\/\/www.francecichlid.com\/\" target=\"_blank\" rel=\"noopener noreferrer\"><img data-recalc-dims=\"1\"  title=\"\" decoding=\"async\" src=\"https:\/\/i0.wp.com\/www.aquario-passion.com\/wp-content\/uploads\/2020\/10\/afc.png?resize=400%2C107&#038;ssl=1\"  alt=\"afc Les liens\"  width=\"400\" height=\"107\" \/><\/a>\n<figcaption>Les Autres Publications de l&#8217;<em>AFC<\/em>. De fa\u00e7on r\u00e9guli\u00e8re, l&#8217;Association &#8230; Lac Tanganyika. Guide de la faune des\u00a0<em>poissons<\/em>\u00a0de la c\u00f4te congolaise<\/figcaption>\n<\/figure>\n\n\n\n<figure><a href=\"http:\/\/www.francevivipares.fr\/\" target=\"_blank\" rel=\"noopener noreferrer\"><img data-recalc-dims=\"1\"  title=\"\" fetchpriority=\"high\" decoding=\"async\" src=\"https:\/\/i0.wp.com\/www.aquario-passion.com\/wp-content\/uploads\/2020\/10\/afv.jpg?resize=335%2C174&#038;ssl=1\"  alt=\"afv Les liens\"  width=\"335\" height=\"174\" \/><\/a>\n<figcaption>L\u2019<strong>AFV<\/strong>\u00a0est une association aquariophile sp\u00e9cialis\u00e9e dans l\u2019\u00e9levage, la conservation et la diffusion de vivipares<\/figcaption>\n<\/figure>\n\n\n\n<figure><a href=\"http:\/\/www.cil-ibsc.fr\/\" target=\"_blank\" rel=\"noopener\"><img data-recalc-dims=\"1\"  title=\"\" loading=\"lazy\" decoding=\"async\" src=\"https:\/\/i0.wp.com\/www.aquario-passion.com\/wp-content\/uploads\/2021\/10\/225937_470493736315017_201173261_n.jpg?resize=177%2C177&#038;ssl=1\"  alt=\"225937_470493736315017_201173261_n Les liens\"  width=\"177\" height=\"177\" \/><\/a>\n<figcaption>Page officielle de la C.I.L &#8211; I.B.S.C (Communaut\u00e9 Internationale pour les Labyrinthid\u00e9s &#8211; International Betta Splendens Club)<\/figcaption>\n<\/figure>\n\n\n\n<hr \/>\n\n\n\n<figure><a href=\"https:\/\/www.aquadicoo.com\/index.php\" target=\"_blank\" rel=\"noopener\"><img data-recalc-dims=\"1\"  title=\"\" loading=\"lazy\" decoding=\"async\" src=\"https:\/\/i0.wp.com\/www.aquario-passion.com\/wp-content\/uploads\/2021\/10\/aqua.jpg?resize=640%2C111&#038;ssl=1\"  alt=\"aqua-1024x178 Les liens\"  width=\"640\" height=\"111\" \/><\/a>\n<figcaption>Forum d&#8217;Aquariophilie expliqu\u00e9e simplement.<\/figcaption>\n<\/figure>\n\n\n\n<figure><a href=\"https:\/\/www.fishipedia.fr\/\" target=\"_blank\" rel=\"noopener\"><img data-recalc-dims=\"1\"  title=\"\" loading=\"lazy\" decoding=\"async\" src=\"https:\/\/i0.wp.com\/www.aquario-passion.com\/wp-content\/uploads\/2021\/10\/logo_2019-1.png?resize=233%2C93&#038;ssl=1\"  alt=\"logo_2019-1 Les liens\"  width=\"233\" height=\"93\" \/><\/a>\n<figcaption>1er site encyclop\u00e9dique d\u00e9di\u00e9 aux poissons et aux passions associ\u00e9es : Plong\u00e9e, Aquariophilie, Snorkeling, P\u00eache.<\/figcaption>\n<\/figure>\n\n\n","protected":false},"excerpt":{"rendered":"","protected":false},"author":1,"featured_media":0,"parent":0,"menu_order":0,"comment_status":"closed","ping_status":"closed","template":"","meta":{"footnotes":""},"class_list":["post-1275","page","type-page","status-publish","hentry"],"jetpack_sharing_enabled":true,"_links":{"self":[{"href":"https:\/\/www.aquario-passion.com\/index.php?rest_route=\/wp\/v2\/pages\/1275","targetHints":{"allow":["GET"]}}],"collection":[{"href":"https:\/\/www.aquario-passion.com\/index.php?rest_route=\/wp\/v2\/pages"}],"about":[{"href":"https:\/\/www.aquario-passion.com\/index.php?rest_route=\/wp\/v2\/types\/page"}],"author":[{"embeddable":true,"href":"https:\/\/www.aquario-passion.com\/index.php?rest_route=\/wp\/v2\/users\/1"}],"replies":[{"embeddable":true,"href":"https:\/\/www.aquario-passion.com\/index.php?rest_route=%2Fwp%2Fv2%2Fcomments&post=1275"}],"version-history":[{"count":33,"href":"https:\/\/www.aquario-passion.com\/index.php?rest_route=\/wp\/v2\/pages\/1275\/revisions"}],"predecessor-version":[{"id":8635,"href":"https:\/\/www.aquario-passion.com\/index.php?rest_route=\/wp\/v2\/pages\/1275\/revisions\/8635"}],"wp:attachment":[{"href":"https:\/\/www.aquario-passion.com\/index.php?rest_route=%2Fwp%2Fv2%2Fmedia&parent=1275"}],"curies":[{"name":"wp","href":"https:\/\/api.w.org\/{rel}","templated":true}]}}