{"id":115,"date":"2020-10-12T16:39:45","date_gmt":"2020-10-12T14:39:45","guid":{"rendered":"http:\/\/tsvrkfn.cluster030.hosting.ovh.net\/?page_id=115"},"modified":"2024-03-27T17:13:09","modified_gmt":"2024-03-27T16:13:09","slug":"adherer-a-aquario-passion","status":"publish","type":"page","link":"https:\/\/www.aquario-passion.com\/?page_id=115","title":{"rendered":"Adh\u00e9rer"},"content":{"rendered":"<div class=\"wp-block-image\">\n<figure class=\"aligncenter size-full is-resized\"><img data-recalc-dims=\"1\"  title=\"\" decoding=\"async\" width=\"400\" height=\"102\" src=\"https:\/\/i0.wp.com\/www.aquario-passion.com\/wp-content\/uploads\/2021\/10\/LOGO1.jpg?resize=400%2C102&#038;ssl=1\"  alt=\"LOGO1 Adh\u00e9rer\"  class=\"wp-image-3932\" style=\"width:418px;height:107px\" srcset=\"https:\/\/i0.wp.com\/www.aquario-passion.com\/wp-content\/uploads\/2021\/10\/LOGO1.jpg?w=400&amp;ssl=1 400w, https:\/\/i0.wp.com\/www.aquario-passion.com\/wp-content\/uploads\/2021\/10\/LOGO1.jpg?resize=300%2C77&amp;ssl=1 300w\" sizes=\"(max-width: 400px) 100vw, 400px\" \/><\/figure><\/div>\n\n\n<p class=\"has-text-align-center\">Cotisation :<\/p>\n\n\n\n<p class=\"has-text-align-left\"><strong><u>Renouvellement  :<\/u><\/strong><\/p>\n\n\n\n<ul class=\"wp-block-list\">\n<li>Adh\u00e9sion individuelle (1 personne) &#8211; <strong><mark style=\"background-color:rgba(0, 0, 0, 0)\" class=\"has-inline-color has-vivid-cyan-blue-color\">25 \u20ac<\/mark><\/strong><\/li>\n\n\n\n<li>Adh\u00e9sion couple &#8211; <strong><mark style=\"background-color:rgba(0, 0, 0, 0)\" class=\"has-inline-color has-vivid-cyan-blue-color\">35 \u20ac<\/mark><\/strong><\/li>\n\n\n\n<li>Adh\u00e9sion famille (couple + 2 enfants maxi) &#8211; <strong><mark style=\"background-color:rgba(0, 0, 0, 0)\" class=\"has-inline-color has-vivid-cyan-blue-color\">40 \u20ac<\/mark><\/strong><\/li>\n<\/ul>\n\n\n\n<p><strong><u>Nouvel Adh\u00e9rent :<\/u><\/strong><\/p>\n\n\n\n<ul class=\"wp-block-list\">\n<li>Adh\u00e9sion individuelle (1 personne) &#8211; <strong><mark style=\"background-color:rgba(0, 0, 0, 0)\" class=\"has-inline-color has-vivid-cyan-blue-color\">30 \u20ac<\/mark><\/strong><\/li>\n\n\n\n<li>Adh\u00e9sion couple &#8211; <strong><mark style=\"background-color:rgba(0, 0, 0, 0)\" class=\"has-inline-color has-vivid-cyan-blue-color\">40 \u20ac<\/mark><\/strong><\/li>\n\n\n\n<li>Adh\u00e9sion famille (couple + 2 enfants maxi) <strong><mark style=\"background-color:rgba(0, 0, 0, 0)\" class=\"has-inline-color has-vivid-cyan-blue-color\">45 \u20ac<\/mark><\/strong><\/li>\n<\/ul>\n\n\n\n<p class=\"has-text-align-center\">R\u00e8glement \u00e0 l&#8217;ordre :<\/p>\n\n\n\n<p class=\"has-text-align-center\"><strong>AQUARIO PASSION&nbsp; &nbsp;<\/strong><\/p>\n\n\n\n<p class=\"has-text-align-center\">Maison des associations<\/p>\n\n\n\n<p class=\"has-text-align-center\">288 Chemin de Saint Claude &#8211; 06600 Antibes<\/p>\n\n\n\n<p class=\"has-text-align-center\">Ou : <a href=\"https:\/\/www.aquario-passion.com\/?page_id=3845\">Ici boutique en ligne Aquario Passion<\/a><\/p>\n\n\n\n<hr class=\"wp-block-separator has-css-opacity is-style-wide\"\/>\n\n\n\n<p><\/p>\n\n\n\n<p>Permanences au local<\/p>\n\n\n\n<p>Tous les vendredis et samedis de 14h30 \u00e0 17h00<\/p>\n\n\n\n<p>57 Rue Robert DESNOS \u2013 06600 ANTIBES \u2013 T\u00e9l\u00e9phone : 04.93.33.50.53<\/p>\n","protected":false},"excerpt":{"rendered":"<p>Cotisation : Renouvellement : Nouvel Adh\u00e9rent : R\u00e8glement \u00e0 l&#8217;ordre : AQUARIO PASSION&nbsp; &nbsp; Maison des associations 288 Chemin de Saint Claude &#8211; 06600 Antibes Ou : Ici boutique en [&hellip;]<\/p>\n","protected":false},"author":1,"featured_media":0,"parent":0,"menu_order":0,"comment_status":"closed","ping_status":"closed","template":"","meta":{"footnotes":""},"class_list":["post-115","page","type-page","status-publish","hentry"],"jetpack_sharing_enabled":true,"_links":{"self":[{"href":"https:\/\/www.aquario-passion.com\/index.php?rest_route=\/wp\/v2\/pages\/115","targetHints":{"allow":["GET"]}}],"collection":[{"href":"https:\/\/www.aquario-passion.com\/index.php?rest_route=\/wp\/v2\/pages"}],"about":[{"href":"https:\/\/www.aquario-passion.com\/index.php?rest_route=\/wp\/v2\/types\/page"}],"author":[{"embeddable":true,"href":"https:\/\/www.aquario-passion.com\/index.php?rest_route=\/wp\/v2\/users\/1"}],"replies":[{"embeddable":true,"href":"https:\/\/www.aquario-passion.com\/index.php?rest_route=%2Fwp%2Fv2%2Fcomments&post=115"}],"version-history":[{"count":18,"href":"https:\/\/www.aquario-passion.com\/index.php?rest_route=\/wp\/v2\/pages\/115\/revisions"}],"predecessor-version":[{"id":9444,"href":"https:\/\/www.aquario-passion.com\/index.php?rest_route=\/wp\/v2\/pages\/115\/revisions\/9444"}],"wp:attachment":[{"href":"https:\/\/www.aquario-passion.com\/index.php?rest_route=%2Fwp%2Fv2%2Fmedia&parent=115"}],"curies":[{"name":"wp","href":"https:\/\/api.w.org\/{rel}","templated":true}]}}