{"id":108,"date":"2020-10-12T16:36:36","date_gmt":"2020-10-12T14:36:36","guid":{"rendered":"http:\/\/tsvrkfn.cluster030.hosting.ovh.net\/?page_id=108"},"modified":"2026-04-22T09:08:39","modified_gmt":"2026-04-22T07:08:39","slug":"le-bureau","status":"publish","type":"page","link":"https:\/\/www.aquario-passion.com\/?page_id=108","title":{"rendered":"Le Conseil d&#8217;administration"},"content":{"rendered":"<div class=\"wp-block-image\">\n<figure class=\"aligncenter size-full\"><img data-recalc-dims=\"1\"  title=\"\" decoding=\"async\" width=\"400\" height=\"102\" src=\"https:\/\/i0.wp.com\/www.aquario-passion.com\/wp-content\/uploads\/2021\/10\/LOGO1.jpg?resize=400%2C102&#038;ssl=1\"  alt=\"LOGO1 Le Conseil d&#039;administration\"  class=\"wp-image-3932\" srcset=\"https:\/\/i0.wp.com\/www.aquario-passion.com\/wp-content\/uploads\/2021\/10\/LOGO1.jpg?w=400&amp;ssl=1 400w, https:\/\/i0.wp.com\/www.aquario-passion.com\/wp-content\/uploads\/2021\/10\/LOGO1.jpg?resize=300%2C77&amp;ssl=1 300w\" sizes=\"(max-width: 400px) 100vw, 400px\" \/><\/figure><\/div>\n\n\n<figure class=\"wp-block-table\"><table><tbody><tr><td><strong>Pr\u00e9sident :<\/strong><\/td><td>SUCH Jean Pierre<\/td><td><a href=\"mailto:jps@aquario-passion.com\" target=\"_blank\" rel=\"noreferrer noopener\"><img data-recalc-dims=\"1\"  title=\"\" decoding=\"async\" style=\"width: 50px;\" src=\"https:\/\/i0.wp.com\/www.aquario-passion.com\/wp-content\/uploads\/2020\/10\/5aa26bf0c0c03d87f8b94812.png?w=640\"  alt=\"5aa26bf0c0c03d87f8b94812 Le Conseil d&#039;administration\" ><\/a><\/td><\/tr><tr><td><strong>Vice Pr\u00e9sident :<\/strong><\/td><td>ROSNARHO Jean Yves<\/td><td><\/td><\/tr><tr><td><strong>Tr\u00e9sorier :<\/strong><\/td><td>VIUDES Guy<\/td><td><a href=\"mailto:titus06@aquario-passion.com\" target=\"_blank\" rel=\"noreferrer noopener\"><img data-recalc-dims=\"1\"  title=\"\" decoding=\"async\" src=\"https:\/\/i0.wp.com\/www.aquario-passion.com\/wp-content\/uploads\/2020\/10\/5aa26bf0c0c03d87f8b94812.png?w=640\"  alt=\"5aa26bf0c0c03d87f8b94812 Le Conseil d&#039;administration\"  style=\"width: 50px;\"><\/a><\/td><\/tr><tr><td><strong>Secr\u00e9taire :<\/strong><\/td><td>VIUDES Fran\u00e7oise<\/td><td><a href=\"mailto:cdcastel06410@gmail.com\" target=\"_blank\" rel=\"noreferrer noopener\"><img data-recalc-dims=\"1\"  title=\"\" decoding=\"async\" style=\"width: 50px;\" src=\"https:\/\/i0.wp.com\/www.aquario-passion.com\/wp-content\/uploads\/2020\/10\/5aa26bf0c0c03d87f8b94812.png?w=640\"  alt=\"5aa26bf0c0c03d87f8b94812 Le Conseil d&#039;administration\" ><\/a><\/td><\/tr><\/tbody><\/table><\/figure>\n\n\n\n<p><strong>Membres : <\/strong> <\/p>\n\n\n\n<figure class=\"wp-block-table\"><table><tbody><tr><td>CERUTTI Vincent<\/td><td>SUCH Christophe<\/td><td><\/td><\/tr><tr><td>TARDITTI Maud<\/td><td>CASTELLINO Daniel<\/td><td><\/td><\/tr><tr><td><\/td><td><\/td><td><\/td><\/tr><\/tbody><\/table><\/figure>\n\n\n\n<p><\/p>\n","protected":false},"excerpt":{"rendered":"<p>Pr\u00e9sident : SUCH Jean Pierre Vice Pr\u00e9sident : ROSNARHO Jean Yves Tr\u00e9sorier : VIUDES Guy Secr\u00e9taire : VIUDES Fran\u00e7oise Membres : CERUTTI Vincent SUCH Christophe TARDITTI Maud CASTELLINO Daniel<\/p>\n","protected":false},"author":1,"featured_media":0,"parent":0,"menu_order":0,"comment_status":"closed","ping_status":"closed","template":"","meta":{"footnotes":""},"class_list":["post-108","page","type-page","status-publish","hentry"],"jetpack_sharing_enabled":true,"_links":{"self":[{"href":"https:\/\/www.aquario-passion.com\/index.php?rest_route=\/wp\/v2\/pages\/108","targetHints":{"allow":["GET"]}}],"collection":[{"href":"https:\/\/www.aquario-passion.com\/index.php?rest_route=\/wp\/v2\/pages"}],"about":[{"href":"https:\/\/www.aquario-passion.com\/index.php?rest_route=\/wp\/v2\/types\/page"}],"author":[{"embeddable":true,"href":"https:\/\/www.aquario-passion.com\/index.php?rest_route=\/wp\/v2\/users\/1"}],"replies":[{"embeddable":true,"href":"https:\/\/www.aquario-passion.com\/index.php?rest_route=%2Fwp%2Fv2%2Fcomments&post=108"}],"version-history":[{"count":28,"href":"https:\/\/www.aquario-passion.com\/index.php?rest_route=\/wp\/v2\/pages\/108\/revisions"}],"predecessor-version":[{"id":11107,"href":"https:\/\/www.aquario-passion.com\/index.php?rest_route=\/wp\/v2\/pages\/108\/revisions\/11107"}],"wp:attachment":[{"href":"https:\/\/www.aquario-passion.com\/index.php?rest_route=%2Fwp%2Fv2%2Fmedia&parent=108"}],"curies":[{"name":"wp","href":"https:\/\/api.w.org\/{rel}","templated":true}]}}